{"id":3007,"date":"2025-09-07T20:47:48","date_gmt":"2025-09-07T20:47:48","guid":{"rendered":"https:\/\/vensys.com.tr\/?page_id=3007"},"modified":"2025-09-08T11:50:28","modified_gmt":"2025-09-08T11:50:28","slug":"hakkimizda","status":"publish","type":"page","link":"https:\/\/vensys.com.tr\/?page_id=3007","title":{"rendered":"Hakk\u0131m\u0131zda"},"content":{"rendered":"\t\t<div data-elementor-type=\"wp-page\" data-elementor-id=\"3007\" class=\"elementor elementor-3007\">\n\t\t\t\t<div class=\"elementor-element elementor-element-0caac82 e-flex e-con-boxed e-con e-parent\" data-id=\"0caac82\" data-element_type=\"container\" data-settings=\"{&quot;background_background&quot;:&quot;classic&quot;}\">\n\t\t\t\t\t<div class=\"e-con-inner\">\n\t\t\t\t<div class=\"elementor-element elementor-element-2be29e5 elementor-widget elementor-widget-heading\" data-id=\"2be29e5\" data-element_type=\"widget\" data-widget_type=\"heading.default\">\n\t\t\t\t<div class=\"elementor-widget-container\">\n\t\t\t\t\t<h3 class=\"elementor-heading-title elementor-size-default\">Hakk\u0131m\u0131zda<\/h3>\t\t\t\t<\/div>\n\t\t\t\t<\/div>\n\t\t\t\t<div class=\"elementor-element elementor-element-926345b elementor-widget elementor-widget-text-editor\" data-id=\"926345b\" data-element_type=\"widget\" data-widget_type=\"text-editor.default\">\n\t\t\t\t<div class=\"elementor-widget-container\">\n\t\t\t\t\t\t\t\t\t<p>Vensys Yaz\u0131l\u0131m Bili\u015fim Teknoloji Otomasyon, i\u015fletmelerin dijital d\u00f6n\u00fc\u015f\u00fcm yolculu\u011funda g\u00fcvenilir bir \u00e7\u00f6z\u00fcm orta\u011f\u0131 olmak amac\u0131yla kurulmu\u015ftur.<br data-start=\"301\" data-end=\"304\" \/>Yaz\u0131l\u0131m geli\u015ftirme, s\u00fcre\u00e7 y\u00f6netimi, i\u015f zek\u00e2s\u0131, otomasyon, MES \u00e7\u00f6z\u00fcmleri, veritaban\u0131 y\u00f6netimi ve sistem altyap\u0131s\u0131 gibi geni\u015f bir hizmet yelpazesiyle farkl\u0131 sekt\u00f6rlere u\u00e7tan uca \u00e7\u00f6z\u00fcmler sunuyoruz.<br data-start=\"499\" data-end=\"502\" \/>Tecr\u00fcbeli kadromuzla, teknolojiyi i\u015f s\u00fcre\u00e7lerinize entegre ederek verimlili\u011finizi art\u0131r\u0131yor, s\u00fcrd\u00fcr\u00fclebilir ba\u015far\u0131ya ula\u015fman\u0131z\u0131 sa\u011fl\u0131yoruz.<\/p>\t\t\t\t\t\t\t\t<\/div>\n\t\t\t\t<\/div>\n\t\t\t\t\t<\/div>\n\t\t\t\t<\/div>\n\t\t<div class=\"elementor-element elementor-element-92c0479 e-flex e-con-boxed e-con e-parent\" data-id=\"92c0479\" data-element_type=\"container\" data-settings=\"{&quot;background_background&quot;:&quot;slideshow&quot;,&quot;background_slideshow_gallery&quot;:[{&quot;id&quot;:3064,&quot;url&quot;:&quot;https:\\\/\\\/vensys.com.tr\\\/wp-content\\\/uploads\\\/2025\\\/09\\\/pexels-photo-546819-546819-scaled.jpg&quot;},{&quot;id&quot;:2990,&quot;url&quot;:&quot;https:\\\/\\\/vensys.com.tr\\\/wp-content\\\/uploads\\\/2025\\\/09\\\/g6e763a22c95688c7a3b1c916697026b6eb2051c94e908755c4df16c8b68f18314431ea3ff51abafde9efab95f5ccecaa551bd685dfbd2edaa553517b3a5c8039_1280-6521720.jpg&quot;},{&quot;id&quot;:2956,&quot;url&quot;:&quot;https:\\\/\\\/vensys.com.tr\\\/wp-content\\\/uploads\\\/2025\\\/09\\\/pexels-photo-12899151-12899151-scaled.jpg&quot;}],&quot;background_slideshow_loop&quot;:&quot;yes&quot;,&quot;background_slideshow_slide_duration&quot;:5000,&quot;background_slideshow_slide_transition&quot;:&quot;fade&quot;,&quot;background_slideshow_transition_duration&quot;:500}\">\n\t\t\t\t\t<div class=\"e-con-inner\">\n\t\t\t\t\t<\/div>\n\t\t\t\t<\/div>\n\t\t\t\t<\/div>\n\t\t","protected":false},"excerpt":{"rendered":"<p>Hakk\u0131m\u0131zda Vensys Yaz\u0131l\u0131m Bili\u015fim Teknoloji Otomasyon, i\u015fletmelerin dijital d\u00f6n\u00fc\u015f\u00fcm yolculu\u011funda g\u00fcvenilir bir \u00e7\u00f6z\u00fcm orta\u011f\u0131 olmak amac\u0131yla kurulmu\u015ftur.Yaz\u0131l\u0131m geli\u015ftirme, s\u00fcre\u00e7 y\u00f6netimi, i\u015f zek\u00e2s\u0131, otomasyon, MES \u00e7\u00f6z\u00fcmleri, veritaban\u0131 y\u00f6netimi ve sistem altyap\u0131s\u0131 gibi geni\u015f bir hizmet yelpazesiyle farkl\u0131 sekt\u00f6rlere u\u00e7tan uca \u00e7\u00f6z\u00fcmler sunuyoruz.Tecr\u00fcbeli kadromuzla, teknolojiyi i\u015f s\u00fcre\u00e7lerinize entegre ederek verimlili\u011finizi art\u0131r\u0131yor, s\u00fcrd\u00fcr\u00fclebilir ba\u015far\u0131ya ula\u015fman\u0131z\u0131 sa\u011fl\u0131yoruz.<\/p>\n","protected":false},"author":1,"featured_media":0,"parent":0,"menu_order":0,"comment_status":"closed","ping_status":"closed","template":"","meta":{"_eb_attr":"","_uag_custom_page_level_css":"","site-sidebar-layout":"no-sidebar","site-content-layout":"page-builder","ast-site-content-layout":"full-width-container","site-content-style":"default","site-sidebar-style":"default","ast-global-header-display":"","ast-banner-title-visibility":"","ast-main-header-display":"","ast-hfb-above-header-display":"","ast-hfb-below-header-display":"","ast-hfb-mobile-header-display":"","site-post-title":"disabled","ast-breadcrumbs-content":"","ast-featured-img":"disabled","footer-sml-layout":"","theme-transparent-header-meta":"","adv-header-id-meta":"","stick-header-meta":"","header-above-stick-meta":"","header-main-stick-meta":"","header-below-stick-meta":"","astra-migrate-meta-layouts":"set","ast-page-background-enabled":"default","ast-page-background-meta":{"desktop":{"background-color":"","background-image":"","background-repeat":"repeat","background-position":"center center","background-size":"auto","background-attachment":"scroll","background-type":"","background-media":"","overlay-type":"","overlay-color":"","overlay-opacity":"","overlay-gradient":""},"tablet":{"background-color":"","background-image":"","background-repeat":"repeat","background-position":"center center","background-size":"auto","background-attachment":"scroll","background-type":"","background-media":"","overlay-type":"","overlay-color":"","overlay-opacity":"","overlay-gradient":""},"mobile":{"background-color":"","background-image":"","background-repeat":"repeat","background-position":"center center","background-size":"auto","background-attachment":"scroll","background-type":"","background-media":"","overlay-type":"","overlay-color":"","overlay-opacity":"","overlay-gradient":""}},"ast-content-background-meta":{"desktop":{"background-color":"var(--ast-global-color-5)","background-image":"","background-repeat":"repeat","background-position":"center center","background-size":"auto","background-attachment":"scroll","background-type":"","background-media":"","overlay-type":"","overlay-color":"","overlay-opacity":"","overlay-gradient":""},"tablet":{"background-color":"var(--ast-global-color-5)","background-image":"","background-repeat":"repeat","background-position":"center center","background-size":"auto","background-attachment":"scroll","background-type":"","background-media":"","overlay-type":"","overlay-color":"","overlay-opacity":"","overlay-gradient":""},"mobile":{"background-color":"var(--ast-global-color-5)","background-image":"","background-repeat":"repeat","background-position":"center center","background-size":"auto","background-attachment":"scroll","background-type":"","background-media":"","overlay-type":"","overlay-color":"","overlay-opacity":"","overlay-gradient":""}},"footnotes":""},"class_list":["post-3007","page","type-page","status-publish","hentry"],"uagb_featured_image_src":{"full":false,"thumbnail":false,"medium":false,"medium_large":false,"large":false,"1536x1536":false,"2048x2048":false,"trx_addons-thumb-huge":false,"trx_addons-thumb-big":false,"trx_addons-thumb-medium":false,"trx_addons-thumb-small":false,"trx_addons-thumb-portrait":false,"trx_addons-thumb-avatar":false,"trx_addons-thumb-tiny":false,"trx_addons-thumb-masonry-big":false,"trx_addons-thumb-masonry":false},"uagb_author_info":{"display_name":"admin","author_link":"https:\/\/vensys.com.tr\/?author=1"},"uagb_comment_info":0,"uagb_excerpt":"Hakk\u0131m\u0131zda Vensys Yaz\u0131l\u0131m Bili\u015fim Teknoloji Otomasyon, i\u015fletmelerin dijital d\u00f6n\u00fc\u015f\u00fcm yolculu\u011funda g\u00fcvenilir bir \u00e7\u00f6z\u00fcm orta\u011f\u0131 olmak amac\u0131yla kurulmu\u015ftur.Yaz\u0131l\u0131m geli\u015ftirme, s\u00fcre\u00e7 y\u00f6netimi, i\u015f zek\u00e2s\u0131, otomasyon, MES \u00e7\u00f6z\u00fcmleri, veritaban\u0131 y\u00f6netimi ve sistem altyap\u0131s\u0131 gibi geni\u015f bir hizmet yelpazesiyle farkl\u0131 sekt\u00f6rlere u\u00e7tan uca \u00e7\u00f6z\u00fcmler sunuyoruz.Tecr\u00fcbeli kadromuzla, teknolojiyi i\u015f s\u00fcre\u00e7lerinize entegre ederek verimlili\u011finizi art\u0131r\u0131yor, s\u00fcrd\u00fcr\u00fclebilir ba\u015far\u0131ya ula\u015fman\u0131z\u0131 sa\u011fl\u0131yoruz.","_links":{"self":[{"href":"https:\/\/vensys.com.tr\/index.php?rest_route=\/wp\/v2\/pages\/3007","targetHints":{"allow":["GET"]}}],"collection":[{"href":"https:\/\/vensys.com.tr\/index.php?rest_route=\/wp\/v2\/pages"}],"about":[{"href":"https:\/\/vensys.com.tr\/index.php?rest_route=\/wp\/v2\/types\/page"}],"author":[{"embeddable":true,"href":"https:\/\/vensys.com.tr\/index.php?rest_route=\/wp\/v2\/users\/1"}],"replies":[{"embeddable":true,"href":"https:\/\/vensys.com.tr\/index.php?rest_route=%2Fwp%2Fv2%2Fcomments&post=3007"}],"version-history":[{"count":16,"href":"https:\/\/vensys.com.tr\/index.php?rest_route=\/wp\/v2\/pages\/3007\/revisions"}],"predecessor-version":[{"id":3068,"href":"https:\/\/vensys.com.tr\/index.php?rest_route=\/wp\/v2\/pages\/3007\/revisions\/3068"}],"wp:attachment":[{"href":"https:\/\/vensys.com.tr\/index.php?rest_route=%2Fwp%2Fv2%2Fmedia&parent=3007"}],"curies":[{"name":"wp","href":"https:\/\/api.w.org\/{rel}","templated":true}]}}