{"id":2939,"date":"2025-09-07T11:32:29","date_gmt":"2025-09-07T11:32:29","guid":{"rendered":"https:\/\/vensys.com.tr\/home\/"},"modified":"2025-09-08T10:09:55","modified_gmt":"2025-09-08T10:09:55","slug":"home","status":"publish","type":"page","link":"https:\/\/vensys.com.tr\/","title":{"rendered":"Ana Sayfa"},"content":{"rendered":"\t\t<div data-elementor-type=\"wp-page\" data-elementor-id=\"2939\" class=\"elementor elementor-2939\">\n\t\t\t\t<div class=\"elementor-element elementor-element-f6db44d e-flex e-con-boxed e-con e-parent\" data-id=\"f6db44d\" data-element_type=\"container\" data-settings=\"{&quot;background_background&quot;:&quot;classic&quot;}\">\n\t\t\t\t\t<div class=\"e-con-inner\">\n\t\t<div class=\"elementor-element elementor-element-68152c9 e-con-full e-flex e-con e-child\" data-id=\"68152c9\" data-element_type=\"container\">\n\t\t\t\t<div class=\"elementor-element elementor-element-bcdf484 elementor-widget elementor-widget-heading\" data-id=\"bcdf484\" data-element_type=\"widget\" data-widget_type=\"heading.default\">\n\t\t\t\t<div class=\"elementor-widget-container\">\n\t\t\t\t\t<h1 class=\"elementor-heading-title elementor-size-default\">\u0130\u015finizi Gelece\u011fe Ta\u015f\u0131yan Teknoloji Orta\u011f\u0131n\u0131z<\/h1>\t\t\t\t<\/div>\n\t\t\t\t<\/div>\n\t\t\t\t<div class=\"elementor-element elementor-element-b2a23cc elementor-widget elementor-widget-text-editor\" data-id=\"b2a23cc\" data-element_type=\"widget\" data-widget_type=\"text-editor.default\">\n\t\t\t\t<div class=\"elementor-widget-container\">\n\t\t\t\t\t\t\t\t\t<p>Yaz\u0131l\u0131m, bili\u015fim ve otomasyon alanlar\u0131nda modern \u00e7\u00f6z\u00fcmler \u00fcreterek i\u015fletmelerin verimlili\u011fini art\u0131r\u0131yor, dijital d\u00f6n\u00fc\u015f\u00fcm s\u00fcre\u00e7lerini kolayla\u015ft\u0131r\u0131yoruz.<\/p>\t\t\t\t\t\t\t\t<\/div>\n\t\t\t\t<\/div>\n\t\t\t\t<\/div>\n\t\t\t\t\t<\/div>\n\t\t\t\t<\/div>\n\t\t<div class=\"elementor-element elementor-element-0212a85 e-flex e-con-boxed e-con e-parent\" data-id=\"0212a85\" data-element_type=\"container\">\n\t\t\t\t\t<div class=\"e-con-inner\">\n\t\t<div class=\"elementor-element elementor-element-4926773 e-con-full e-flex e-con e-child\" data-id=\"4926773\" data-element_type=\"container\">\n\t\t\t\t<div class=\"elementor-element elementor-element-33194ef elementor-widget elementor-widget-heading\" data-id=\"33194ef\" data-element_type=\"widget\" data-widget_type=\"heading.default\">\n\t\t\t\t<div class=\"elementor-widget-container\">\n\t\t\t\t\t<h2 class=\"elementor-heading-title elementor-size-default\">VENSYS \u2013 Teknoloji ile Gelece\u011fe<\/h2>\t\t\t\t<\/div>\n\t\t\t\t<\/div>\n\t\t\t\t<div class=\"elementor-element elementor-element-54e73a5 elementor-widget elementor-widget-text-editor\" data-id=\"54e73a5\" data-element_type=\"widget\" data-widget_type=\"text-editor.default\">\n\t\t\t\t<div class=\"elementor-widget-container\">\n\t\t\t\t\t\t\t\t\t<h3><strong>H\u0130ZMETLER\u0130M\u0130Z<\/strong><\/h3>\t\t\t\t\t\t\t\t<\/div>\n\t\t\t\t<\/div>\n\t\t\t\t<div class=\"elementor-element elementor-element-bbf2d65 elementor-widget__width-inherit elementor-widget elementor-widget-text-editor\" data-id=\"bbf2d65\" data-element_type=\"widget\" data-widget_type=\"text-editor.default\">\n\t\t\t\t<div class=\"elementor-widget-container\">\n\t\t\t\t\t\t\t\t\t<p>Yaz\u0131l\u0131m, bili\u015fim ve otomasyon \u00e7\u00f6z\u00fcmleriyle i\u015f s\u00fcre\u00e7lerinizi kolayla\u015ft\u0131r\u0131yor, dijital \u00e7a\u011f\u0131n gerekliliklerini i\u015finize entegre ediyoruz.<br data-start=\"1232\" data-end=\"1235\" \/>Her \u00f6l\u00e7ekten i\u015fletmeye \u00f6zel, yenilik\u00e7i ve g\u00fcvenilir \u00e7\u00f6z\u00fcmler geli\u015ftiriyoruz.<\/p>\t\t\t\t\t\t\t\t<\/div>\n\t\t\t\t<\/div>\n\t\t<div class=\"elementor-element elementor-element-d2a53b6 e-con-full e-flex e-con e-child\" data-id=\"d2a53b6\" data-element_type=\"container\">\n\t\t<div class=\"elementor-element elementor-element-88f4765 e-con-full e-flex e-con e-child\" data-id=\"88f4765\" data-element_type=\"container\" data-settings=\"{&quot;background_background&quot;:&quot;classic&quot;}\">\n\t\t\t\t<div class=\"elementor-element elementor-element-6c94e4b elementor-widget-divider--view-line_icon elementor-view-default elementor-widget-divider--element-align-center elementor-widget elementor-widget-divider\" data-id=\"6c94e4b\" data-element_type=\"widget\" data-widget_type=\"divider.default\">\n\t\t\t\t<div class=\"elementor-widget-container\">\n\t\t\t\t\t\t\t<div class=\"elementor-divider\">\n\t\t\t<span class=\"elementor-divider-separator\">\n\t\t\t\t\t\t\t<div class=\"elementor-icon elementor-divider__element\">\n\t\t\t\t\t<i aria-hidden=\"true\" class=\"icon icon-Computer\"><\/i><\/div>\n\t\t\t\t\t\t<\/span>\n\t\t<\/div>\n\t\t\t\t\t\t<\/div>\n\t\t\t\t<\/div>\n\t\t\t\t<div class=\"elementor-element elementor-element-75c8112 elementor-widget elementor-widget-heading\" data-id=\"75c8112\" data-element_type=\"widget\" data-widget_type=\"heading.default\">\n\t\t\t\t<div class=\"elementor-widget-container\">\n\t\t\t\t\t<h3 class=\"elementor-heading-title elementor-size-default\">Kurumsal Yaz\u0131l\u0131m \u00c7\u00f6z\u00fcmleri<\/h3>\t\t\t\t<\/div>\n\t\t\t\t<\/div>\n\t\t\t\t<div class=\"elementor-element elementor-element-df6c498 elementor-widget elementor-widget-text-editor\" data-id=\"df6c498\" data-element_type=\"widget\" data-widget_type=\"text-editor.default\">\n\t\t\t\t<div class=\"elementor-widget-container\">\n\t\t\t\t\t\t\t\t\t<p>Modern teknolojilerle geli\u015ftirdi\u011fimiz yaz\u0131l\u0131m \u00e7\u00f6z\u00fcmleri sayesinde i\u015fletmelerin dijital d\u00f6n\u00fc\u015f\u00fcm\u00fcn\u00fc h\u0131zland\u0131r\u0131yoruz. ERP, CRM, web ve mobil uygulama geli\u015ftirme alanlar\u0131nda \u00f6l\u00e7eklenebilir, g\u00fcvenilir ve kullan\u0131c\u0131 dostu sistemler tasarl\u0131yoruz.<\/p>\t\t\t\t\t\t\t\t<\/div>\n\t\t\t\t<\/div>\n\t\t\t\t<\/div>\n\t\t<div class=\"elementor-element elementor-element-ed19a23 e-con-full e-flex e-con e-child\" data-id=\"ed19a23\" data-element_type=\"container\" data-settings=\"{&quot;background_background&quot;:&quot;classic&quot;}\">\n\t\t\t\t<div class=\"elementor-element elementor-element-7a4176f elementor-widget-divider--view-line_icon elementor-view-default elementor-widget-divider--element-align-center elementor-widget elementor-widget-divider\" data-id=\"7a4176f\" data-element_type=\"widget\" data-widget_type=\"divider.default\">\n\t\t\t\t<div class=\"elementor-widget-container\">\n\t\t\t\t\t\t\t<div class=\"elementor-divider\">\n\t\t\t<span class=\"elementor-divider-separator\">\n\t\t\t\t\t\t\t<div class=\"elementor-icon elementor-divider__element\">\n\t\t\t\t\t<i aria-hidden=\"true\" class=\"icon icon-Consultancy\"><\/i><\/div>\n\t\t\t\t\t\t<\/span>\n\t\t<\/div>\n\t\t\t\t\t\t<\/div>\n\t\t\t\t<\/div>\n\t\t\t\t<div class=\"elementor-element elementor-element-5e77d1b elementor-widget elementor-widget-heading\" data-id=\"5e77d1b\" data-element_type=\"widget\" data-widget_type=\"heading.default\">\n\t\t\t\t<div class=\"elementor-widget-container\">\n\t\t\t\t\t<h3 class=\"elementor-heading-title elementor-size-default\">Dijital \u0130\u015f Ak\u0131\u015f\u0131 \u00c7\u00f6z\u00fcmleri<\/h3>\t\t\t\t<\/div>\n\t\t\t\t<\/div>\n\t\t\t\t<div class=\"elementor-element elementor-element-c243f9e elementor-widget elementor-widget-text-editor\" data-id=\"c243f9e\" data-element_type=\"widget\" data-widget_type=\"text-editor.default\">\n\t\t\t\t<div class=\"elementor-widget-container\">\n\t\t\t\t\t\t\t\t\t<p>\u0130\u015f s\u00fcre\u00e7lerinizi u\u00e7tan uca analiz ederek daha verimli, \u015feffaf ve \u00f6l\u00e7\u00fclebilir hale getiriyoruz. Modern y\u00f6ntemlerle i\u015f ak\u0131\u015flar\u0131n\u0131z\u0131 dijitalle\u015ftiriyor, zaman ve maliyet tasarrufu sa\u011flarken kaliteyi art\u0131r\u0131yoruz.<\/p>\t\t\t\t\t\t\t\t<\/div>\n\t\t\t\t<\/div>\n\t\t\t\t<\/div>\n\t\t<div class=\"elementor-element elementor-element-b44e909 e-con-full e-flex e-con e-child\" data-id=\"b44e909\" data-element_type=\"container\" data-settings=\"{&quot;background_background&quot;:&quot;classic&quot;}\">\n\t\t\t\t<div class=\"elementor-element elementor-element-c2347a5 elementor-widget-divider--view-line_icon elementor-view-default elementor-widget-divider--element-align-center elementor-widget elementor-widget-divider\" data-id=\"c2347a5\" data-element_type=\"widget\" data-widget_type=\"divider.default\">\n\t\t\t\t<div class=\"elementor-widget-container\">\n\t\t\t\t\t\t\t<div class=\"elementor-divider\">\n\t\t\t<span class=\"elementor-divider-separator\">\n\t\t\t\t\t\t\t<div class=\"elementor-icon elementor-divider__element\">\n\t\t\t\t\t<i aria-hidden=\"true\" class=\"icon icon-graph\"><\/i><\/div>\n\t\t\t\t\t\t<\/span>\n\t\t<\/div>\n\t\t\t\t\t\t<\/div>\n\t\t\t\t<\/div>\n\t\t\t\t<div class=\"elementor-element elementor-element-3ec4c06 elementor-widget elementor-widget-heading\" data-id=\"3ec4c06\" data-element_type=\"widget\" data-widget_type=\"heading.default\">\n\t\t\t\t<div class=\"elementor-widget-container\">\n\t\t\t\t\t<h3 class=\"elementor-heading-title elementor-size-default\">\u0130\u015f Zek\u00e2s\u0131 Uygulamalar\u0131<\/h3>\t\t\t\t<\/div>\n\t\t\t\t<\/div>\n\t\t\t\t<div class=\"elementor-element elementor-element-9aead09 elementor-widget elementor-widget-text-editor\" data-id=\"9aead09\" data-element_type=\"widget\" data-widget_type=\"text-editor.default\">\n\t\t\t\t<div class=\"elementor-widget-container\">\n\t\t\t\t\t\t\t\t\t<p>\u0130\u015f zek\u00e2s\u0131 \u00e7\u00f6z\u00fcmlerimizle b\u00fcy\u00fck veriyi etkin \u015fekilde y\u00f6netiyor, performans g\u00f6stergelerini izlenebilir hale getiriyoruz.<\/p>\t\t\t\t\t\t\t\t<\/div>\n\t\t\t\t<\/div>\n\t\t\t\t<\/div>\n\t\t\t\t<\/div>\n\t\t<div class=\"elementor-element elementor-element-99c437b e-con-full e-flex e-con e-child\" data-id=\"99c437b\" data-element_type=\"container\">\n\t\t<div class=\"elementor-element elementor-element-e31b360 e-con-full e-flex e-con e-child\" data-id=\"e31b360\" data-element_type=\"container\" data-settings=\"{&quot;background_background&quot;:&quot;classic&quot;}\">\n\t\t\t\t<div class=\"elementor-element elementor-element-094f51d elementor-widget-divider--view-line_icon elementor-view-default elementor-widget-divider--element-align-center elementor-widget elementor-widget-divider\" data-id=\"094f51d\" data-element_type=\"widget\" data-widget_type=\"divider.default\">\n\t\t\t\t<div class=\"elementor-widget-container\">\n\t\t\t\t\t\t\t<div class=\"elementor-divider\">\n\t\t\t<span class=\"elementor-divider-separator\">\n\t\t\t\t\t\t\t<div class=\"elementor-icon elementor-divider__element\">\n\t\t\t\t\t<i aria-hidden=\"true\" class=\"icon icon-monitor1\"><\/i><\/div>\n\t\t\t\t\t\t<\/span>\n\t\t<\/div>\n\t\t\t\t\t\t<\/div>\n\t\t\t\t<\/div>\n\t\t\t\t<div class=\"elementor-element elementor-element-2e97b07 elementor-widget elementor-widget-heading\" data-id=\"2e97b07\" data-element_type=\"widget\" data-widget_type=\"heading.default\">\n\t\t\t\t<div class=\"elementor-widget-container\">\n\t\t\t\t\t<h3 class=\"elementor-heading-title elementor-size-default\">MES \u00c7\u00f6z\u00fcmleri<\/h3>\t\t\t\t<\/div>\n\t\t\t\t<\/div>\n\t\t\t\t<div class=\"elementor-element elementor-element-9d55fa1 elementor-widget elementor-widget-text-editor\" data-id=\"9d55fa1\" data-element_type=\"widget\" data-widget_type=\"text-editor.default\">\n\t\t\t\t<div class=\"elementor-widget-container\">\n\t\t\t\t\t\t\t\t\t<p>\u00dcretim s\u00fcre\u00e7lerinizi anl\u0131k olarak izleyip kontrol etmenizi sa\u011flayan MES \u00e7\u00f6z\u00fcmlerimiz, operasyonel verimlili\u011fi art\u0131r\u0131r, maliyetleri d\u00fc\u015f\u00fcr\u00fcr ve kaliteyi standart hale getirir. Dijital \u00fcretim y\u00f6netimi ile fabrikan\u0131z\u0131 gelece\u011fe ta\u015f\u0131yoruz.<\/p>\t\t\t\t\t\t\t\t<\/div>\n\t\t\t\t<\/div>\n\t\t\t\t<\/div>\n\t\t<div class=\"elementor-element elementor-element-2a85fa1 e-con-full e-flex e-con e-child\" data-id=\"2a85fa1\" data-element_type=\"container\" data-settings=\"{&quot;background_background&quot;:&quot;classic&quot;}\">\n\t\t\t\t<div class=\"elementor-element elementor-element-3eab871 elementor-widget-divider--view-line_icon elementor-view-default elementor-widget-divider--element-align-center elementor-widget elementor-widget-divider\" data-id=\"3eab871\" data-element_type=\"widget\" data-widget_type=\"divider.default\">\n\t\t\t\t<div class=\"elementor-widget-container\">\n\t\t\t\t\t\t\t<div class=\"elementor-divider\">\n\t\t\t<span class=\"elementor-divider-separator\">\n\t\t\t\t\t\t\t<div class=\"elementor-icon elementor-divider__element\">\n\t\t\t\t\t<i aria-hidden=\"true\" class=\"icon icon-business-and-finance\"><\/i><\/div>\n\t\t\t\t\t\t<\/span>\n\t\t<\/div>\n\t\t\t\t\t\t<\/div>\n\t\t\t\t<\/div>\n\t\t\t\t<div class=\"elementor-element elementor-element-a6eeed7 elementor-widget elementor-widget-heading\" data-id=\"a6eeed7\" data-element_type=\"widget\" data-widget_type=\"heading.default\">\n\t\t\t\t<div class=\"elementor-widget-container\">\n\t\t\t\t\t<h3 class=\"elementor-heading-title elementor-size-default\">Dijital D\u00f6n\u00fc\u015f\u00fcm<\/h3>\t\t\t\t<\/div>\n\t\t\t\t<\/div>\n\t\t\t\t<div class=\"elementor-element elementor-element-df580f6 elementor-widget elementor-widget-text-editor\" data-id=\"df580f6\" data-element_type=\"widget\" data-widget_type=\"text-editor.default\">\n\t\t\t\t<div class=\"elementor-widget-container\">\n\t\t\t\t\t\t\t\t\t<p>\u0130\u015fletmenizin t\u00fcm s\u00fcre\u00e7lerini dijitalle\u015ftirerek daha h\u0131zl\u0131, verimli ve rekabet\u00e7i bir yap\u0131ya kavu\u015fmas\u0131n\u0131 sa\u011fl\u0131yoruz. Teknolojiyi i\u015finize entegre ederek s\u00fcrd\u00fcr\u00fclebilir b\u00fcy\u00fcme i\u00e7in g\u00fc\u00e7l\u00fc bir altyap\u0131 kuruyoruz.<\/p>\t\t\t\t\t\t\t\t<\/div>\n\t\t\t\t<\/div>\n\t\t\t\t<\/div>\n\t\t<div class=\"elementor-element elementor-element-2c1a50d e-con-full e-flex e-con e-child\" data-id=\"2c1a50d\" data-element_type=\"container\" data-settings=\"{&quot;background_background&quot;:&quot;classic&quot;}\">\n\t\t\t\t<div class=\"elementor-element elementor-element-1b78aba elementor-widget-divider--view-line_icon elementor-view-default elementor-widget-divider--element-align-center elementor-widget elementor-widget-divider\" data-id=\"1b78aba\" data-element_type=\"widget\" data-widget_type=\"divider.default\">\n\t\t\t\t<div class=\"elementor-widget-container\">\n\t\t\t\t\t\t\t<div class=\"elementor-divider\">\n\t\t\t<span class=\"elementor-divider-separator\">\n\t\t\t\t\t\t\t<div class=\"elementor-icon elementor-divider__element\">\n\t\t\t\t\t<i aria-hidden=\"true\" class=\"fas fa-cogs\"><\/i><\/div>\n\t\t\t\t\t\t<\/span>\n\t\t<\/div>\n\t\t\t\t\t\t<\/div>\n\t\t\t\t<\/div>\n\t\t\t\t<div class=\"elementor-element elementor-element-9621ef8 elementor-widget elementor-widget-heading\" data-id=\"9621ef8\" data-element_type=\"widget\" data-widget_type=\"heading.default\">\n\t\t\t\t<div class=\"elementor-widget-container\">\n\t\t\t\t\t<h3 class=\"elementor-heading-title elementor-size-default\">Otomasyon \u00c7\u00f6z\u00fcmleri<\/h3>\t\t\t\t<\/div>\n\t\t\t\t<\/div>\n\t\t\t\t<div class=\"elementor-element elementor-element-d9197c4 elementor-widget elementor-widget-text-editor\" data-id=\"d9197c4\" data-element_type=\"widget\" data-widget_type=\"text-editor.default\">\n\t\t\t\t<div class=\"elementor-widget-container\">\n\t\t\t\t\t\t\t\t\t<p>Otomasyon hizmetlerimiz, s\u00fcre\u00e7lerinizi dijital ara\u00e7larla destekler ve i\u015f ak\u0131\u015flar\u0131n\u0131 optimize eder. B\u00f6ylece i\u015fletmenizin performans\u0131 y\u00fckselir, operasyonel maliyetler d\u00fc\u015fer ve s\u00fcre\u00e7ler daha \u015feffaf hale gelir.<\/p>\t\t\t\t\t\t\t\t<\/div>\n\t\t\t\t<\/div>\n\t\t\t\t<\/div>\n\t\t\t\t<\/div>\n\t\t\t\t<\/div>\n\t\t\t\t\t<\/div>\n\t\t\t\t<\/div>\n\t\t<div class=\"elementor-element elementor-element-4dbe295 e-flex e-con-boxed e-con e-parent\" data-id=\"4dbe295\" data-element_type=\"container\" data-settings=\"{&quot;background_background&quot;:&quot;classic&quot;}\">\n\t\t\t\t\t<div class=\"e-con-inner\">\n\t\t\t\t\t<\/div>\n\t\t\t\t<\/div>\n\t\t\t\t<\/div>\n\t\t","protected":false},"excerpt":{"rendered":"<p>\u0130\u015finizi Gelece\u011fe Ta\u015f\u0131yan Teknoloji Orta\u011f\u0131n\u0131z Yaz\u0131l\u0131m, bili\u015fim ve otomasyon alanlar\u0131nda modern \u00e7\u00f6z\u00fcmler \u00fcreterek i\u015fletmelerin verimlili\u011fini art\u0131r\u0131yor, dijital d\u00f6n\u00fc\u015f\u00fcm s\u00fcre\u00e7lerini kolayla\u015ft\u0131r\u0131yoruz. VENSYS \u2013 Teknoloji ile Gelece\u011fe H\u0130ZMETLER\u0130M\u0130Z Yaz\u0131l\u0131m, bili\u015fim ve otomasyon \u00e7\u00f6z\u00fcmleriyle i\u015f s\u00fcre\u00e7lerinizi kolayla\u015ft\u0131r\u0131yor, dijital \u00e7a\u011f\u0131n gerekliliklerini i\u015finize entegre ediyoruz.Her \u00f6l\u00e7ekten i\u015fletmeye \u00f6zel, yenilik\u00e7i ve g\u00fcvenilir \u00e7\u00f6z\u00fcmler geli\u015ftiriyoruz. Kurumsal Yaz\u0131l\u0131m \u00c7\u00f6z\u00fcmleri Modern teknolojilerle geli\u015ftirdi\u011fimiz yaz\u0131l\u0131m [&hellip;]<\/p>\n","protected":false},"author":1,"featured_media":0,"parent":0,"menu_order":0,"comment_status":"closed","ping_status":"closed","template":"","meta":{"_eb_attr":"","_uag_custom_page_level_css":"","site-sidebar-layout":"no-sidebar","site-content-layout":"page-builder","ast-site-content-layout":"full-width-container","site-content-style":"unboxed","site-sidebar-style":"unboxed","ast-global-header-display":"","ast-banner-title-visibility":"","ast-main-header-display":"","ast-hfb-above-header-display":"","ast-hfb-below-header-display":"","ast-hfb-mobile-header-display":"","site-post-title":"disabled","ast-breadcrumbs-content":"","ast-featured-img":"disabled","footer-sml-layout":"","theme-transparent-header-meta":"","adv-header-id-meta":"","stick-header-meta":"","header-above-stick-meta":"","header-main-stick-meta":"","header-below-stick-meta":"","astra-migrate-meta-layouts":"set","ast-page-background-enabled":"default","ast-page-background-meta":{"desktop":{"background-color":"","background-image":"","background-repeat":"repeat","background-position":"center center","background-size":"auto","background-attachment":"scroll","background-type":"","background-media":"","overlay-type":"","overlay-color":"","overlay-opacity":"","overlay-gradient":""},"tablet":{"background-color":"","background-image":"","background-repeat":"repeat","background-position":"center center","background-size":"auto","background-attachment":"scroll","background-type":"","background-media":"","overlay-type":"","overlay-color":"","overlay-opacity":"","overlay-gradient":""},"mobile":{"background-color":"","background-image":"","background-repeat":"repeat","background-position":"center center","background-size":"auto","background-attachment":"scroll","background-type":"","background-media":"","overlay-type":"","overlay-color":"","overlay-opacity":"","overlay-gradient":""}},"ast-content-background-meta":{"desktop":{"background-color":"var(--ast-global-color-5)","background-image":"","background-repeat":"repeat","background-position":"center center","background-size":"auto","background-attachment":"scroll","background-type":"","background-media":"","overlay-type":"","overlay-color":"","overlay-opacity":"","overlay-gradient":""},"tablet":{"background-color":"var(--ast-global-color-5)","background-image":"","background-repeat":"repeat","background-position":"center center","background-size":"auto","background-attachment":"scroll","background-type":"","background-media":"","overlay-type":"","overlay-color":"","overlay-opacity":"","overlay-gradient":""},"mobile":{"background-color":"var(--ast-global-color-5)","background-image":"","background-repeat":"repeat","background-position":"center center","background-size":"auto","background-attachment":"scroll","background-type":"","background-media":"","overlay-type":"","overlay-color":"","overlay-opacity":"","overlay-gradient":""}},"footnotes":""},"class_list":["post-2939","page","type-page","status-publish","hentry"],"uagb_featured_image_src":{"full":false,"thumbnail":false,"medium":false,"medium_large":false,"large":false,"1536x1536":false,"2048x2048":false,"trx_addons-thumb-huge":false,"trx_addons-thumb-big":false,"trx_addons-thumb-medium":false,"trx_addons-thumb-small":false,"trx_addons-thumb-portrait":false,"trx_addons-thumb-avatar":false,"trx_addons-thumb-tiny":false,"trx_addons-thumb-masonry-big":false,"trx_addons-thumb-masonry":false},"uagb_author_info":{"display_name":"admin","author_link":"https:\/\/vensys.com.tr\/?author=1"},"uagb_comment_info":0,"uagb_excerpt":"\u0130\u015finizi Gelece\u011fe Ta\u015f\u0131yan Teknoloji Orta\u011f\u0131n\u0131z Yaz\u0131l\u0131m, bili\u015fim ve otomasyon alanlar\u0131nda modern \u00e7\u00f6z\u00fcmler \u00fcreterek i\u015fletmelerin verimlili\u011fini art\u0131r\u0131yor, dijital d\u00f6n\u00fc\u015f\u00fcm s\u00fcre\u00e7lerini kolayla\u015ft\u0131r\u0131yoruz. VENSYS \u2013 Teknoloji ile Gelece\u011fe H\u0130ZMETLER\u0130M\u0130Z Yaz\u0131l\u0131m, bili\u015fim ve otomasyon \u00e7\u00f6z\u00fcmleriyle i\u015f s\u00fcre\u00e7lerinizi kolayla\u015ft\u0131r\u0131yor, dijital \u00e7a\u011f\u0131n gerekliliklerini i\u015finize entegre ediyoruz.Her \u00f6l\u00e7ekten i\u015fletmeye \u00f6zel, yenilik\u00e7i ve g\u00fcvenilir \u00e7\u00f6z\u00fcmler geli\u015ftiriyoruz. Kurumsal Yaz\u0131l\u0131m \u00c7\u00f6z\u00fcmleri Modern teknolojilerle geli\u015ftirdi\u011fimiz yaz\u0131l\u0131m&hellip;","_links":{"self":[{"href":"https:\/\/vensys.com.tr\/index.php?rest_route=\/wp\/v2\/pages\/2939","targetHints":{"allow":["GET"]}}],"collection":[{"href":"https:\/\/vensys.com.tr\/index.php?rest_route=\/wp\/v2\/pages"}],"about":[{"href":"https:\/\/vensys.com.tr\/index.php?rest_route=\/wp\/v2\/types\/page"}],"author":[{"embeddable":true,"href":"https:\/\/vensys.com.tr\/index.php?rest_route=\/wp\/v2\/users\/1"}],"replies":[{"embeddable":true,"href":"https:\/\/vensys.com.tr\/index.php?rest_route=%2Fwp%2Fv2%2Fcomments&post=2939"}],"version-history":[{"count":42,"href":"https:\/\/vensys.com.tr\/index.php?rest_route=\/wp\/v2\/pages\/2939\/revisions"}],"predecessor-version":[{"id":3039,"href":"https:\/\/vensys.com.tr\/index.php?rest_route=\/wp\/v2\/pages\/2939\/revisions\/3039"}],"wp:attachment":[{"href":"https:\/\/vensys.com.tr\/index.php?rest_route=%2Fwp%2Fv2%2Fmedia&parent=2939"}],"curies":[{"name":"wp","href":"https:\/\/api.w.org\/{rel}","templated":true}]}}